{"id":37,"date":"2025-12-23T17:11:11","date_gmt":"2025-12-23T17:11:11","guid":{"rendered":"https:\/\/www.studentsofboots.com\/reboot\/index.php\/impressum\/"},"modified":"2026-02-17T13:42:53","modified_gmt":"2026-02-17T13:42:53","slug":"impressum","status":"publish","type":"page","link":"https:\/\/www.studentsofboots.com\/en\/impressum\/","title":{"rendered":"Imprint"},"content":{"rendered":"<div class=\"woocommerce woocommerce-gzd woocommerce-gzd-complaints-shortcode\">\n\t\t\t<h3>Alternative Dispute Resolution in accordance with Art. 14 (1) ODR-VO and \u00a7 36 VSBG:<\/h3>\n\t\nZur Teilnahme an einem Streitbeilegungsverfahren vor einer Verbraucherschlichtungsstelle sind wir nicht verpflichtet und nicht bereit.<\/div>\n\n\n<p><strong>Angaben gem\u00e4\u00df \u00a7 5 TMG:<\/strong><br>Mohammad Khalili Sabet<br>Mariannenplatz 9<br>10997 Berlin<\/p>\n\n\n\n<p>Steuernummer: 14\/611\/70270<\/p>\n\n\n\n<p><strong>Kontakt:<\/strong><br>E-Mail: stobweb (at) gmail.com<br><\/p>\n\n\n\n<p><strong>Verantwortlich f\u00fcr den Inhalt nach \u00a7 18 Abs. 2 MStV:<\/strong><br>Mohammad Khlili Sabet<br>Mariannenplatz 9<\/p>\n\n\n\n<p>10997 Berlin<\/p>\n\n\n\n<p><\/p>\n\n\n\n<p><em>Umsatzsteuerbefreit gem\u00e4\u00df \u00a7 19 UStG<\/em><\/p>\n\n\n\n<p><em>Das Widerrufsrecht erlischt bei einem Vertrag \u00fcber die Lieferung von nicht auf einem k\u00f6rperlichen Datentr\u00e4ger befindlichen digitalen Inhalten, wenn der Unternehmer mit der Ausf\u00fchrung des Vertrags begonnen hat, nachdem der Verbraucher ausdr\u00fccklich zugestimmt hat, dass der Unternehmer mit der Ausf\u00fchrung des Vertrags vor Ablauf der Widerrufsfrist beginnt.<\/em><\/p>","protected":false},"excerpt":{"rendered":"<p>Angaben gem\u00e4\u00df \u00a7 5 TMG:Mohammad Khalili SabetMariannenplatz 910997 Berlin Steuernummer: 14\/611\/70270 Kontakt:E-Mail: stobweb (at) gmail.com Verantwortlich f\u00fcr den Inhalt nach \u00a7 18 Abs. 2 MStV:Mohammad Khlili SabetMariannenplatz 9 10997 Berlin Umsatzsteuerbefreit gem\u00e4\u00df \u00a7 19 UStG Das Widerrufsrecht erlischt bei einem Vertrag \u00fcber die Lieferung von nicht auf einem k\u00f6rperlichen Datentr\u00e4ger befindlichen digitalen Inhalten, wenn der [&hellip;]<\/p>\n","protected":false},"author":1,"featured_media":0,"parent":0,"menu_order":0,"comment_status":"closed","ping_status":"closed","template":"","meta":{"footnotes":""},"class_list":["post-37","page","type-page","status-publish","hentry"],"_links":{"self":[{"href":"https:\/\/www.studentsofboots.com\/en\/wp-json\/wp\/v2\/pages\/37","targetHints":{"allow":["GET"]}}],"collection":[{"href":"https:\/\/www.studentsofboots.com\/en\/wp-json\/wp\/v2\/pages"}],"about":[{"href":"https:\/\/www.studentsofboots.com\/en\/wp-json\/wp\/v2\/types\/page"}],"author":[{"embeddable":true,"href":"https:\/\/www.studentsofboots.com\/en\/wp-json\/wp\/v2\/users\/1"}],"replies":[{"embeddable":true,"href":"https:\/\/www.studentsofboots.com\/en\/wp-json\/wp\/v2\/comments?post=37"}],"version-history":[{"count":4,"href":"https:\/\/www.studentsofboots.com\/en\/wp-json\/wp\/v2\/pages\/37\/revisions"}],"predecessor-version":[{"id":1790,"href":"https:\/\/www.studentsofboots.com\/en\/wp-json\/wp\/v2\/pages\/37\/revisions\/1790"}],"wp:attachment":[{"href":"https:\/\/www.studentsofboots.com\/en\/wp-json\/wp\/v2\/media?parent=37"}],"curies":[{"name":"wp","href":"https:\/\/api.w.org\/{rel}","templated":true}]}}